{"id":7618,"date":"2024-11-07T09:40:35","date_gmt":"2024-11-07T09:40:35","guid":{"rendered":"https:\/\/pizzayakouben.auksys.eu\/?page_id=7618"},"modified":"2024-11-18T16:07:58","modified_gmt":"2024-11-18T16:07:58","slug":"nabidka-gelateria","status":"publish","type":"page","link":"https:\/\/fastfoodjakouben.cz\/index.php\/nabidka-gelateria\/","title":{"rendered":"Nab\u00eddka &#8211; gelateria"},"content":{"rendered":"\t\t<div data-elementor-type=\"wp-page\" data-elementor-id=\"7618\" class=\"elementor elementor-7618\" data-elementor-post-type=\"page\">\n\t\t\t\t\t\t<section class=\"elementor-section elementor-top-section elementor-element elementor-element-8f104ae elementor-section-boxed elementor-section-height-default elementor-section-height-default\" data-id=\"8f104ae\" data-element_type=\"section\">\n\t\t\t\t\t\t<div class=\"elementor-container elementor-column-gap-default\">\n\t\t\t\t\t<div class=\"elementor-column elementor-col-50 elementor-top-column elementor-element elementor-element-dc377c5\" data-id=\"dc377c5\" data-element_type=\"column\">\n\t\t\t<div class=\"elementor-widget-wrap elementor-element-populated\">\n\t\t\t\t\t\t<div class=\"elementor-element elementor-element-efdcce3 elementor-widget elementor-widget-heading\" data-id=\"efdcce3\" data-element_type=\"widget\" data-widget_type=\"heading.default\">\n\t\t\t\t<div class=\"elementor-widget-container\">\n\t\t\t<p class=\"elementor-heading-title elementor-size-default\">V na\u0161\u00ed cukr\u00e1rn\u011b najdete dezerty v\u00fdhradn\u011b vlastn\u00ed v\u00fdroby.<\/p>\t\t<\/div>\n\t\t\t\t<\/div>\n\t\t\t\t<div class=\"elementor-element elementor-element-a97330e elementor-widget elementor-widget-text-editor\" data-id=\"a97330e\" data-element_type=\"widget\" data-widget_type=\"text-editor.default\">\n\t\t\t\t<div class=\"elementor-widget-container\">\n\t\t\t\t\t\t\t<p>V na\u0161\u00ed nab\u00eddce najdete v\u00fdborn\u00e9 dorty vlastn\u00ed v\u00fdroby, v\u010detn\u011b cheesecaku, ovocn\u00fdch, \u0161leha\u010dkov\u00fdch a \u010dokol\u00e1dov\u00fdch dort\u016f. Na\u0161e dorty jsou pe\u010den\u00e9 denn\u011b \u010derstv\u00e9, abychom v\u00e1m zajistili maxim\u00e1ln\u00ed kvalitu a chu\u0165. M\u016f\u017eete si je tak\u00e9 objednat pro speci\u00e1ln\u00ed p\u0159\u00edle\u017eitosti.<\/p>\t\t\t\t\t\t<\/div>\n\t\t\t\t<\/div>\n\t\t\t\t<div class=\"elementor-element elementor-element-98b7a57 elementor-widget elementor-widget-button\" data-id=\"98b7a57\" data-element_type=\"widget\" data-widget_type=\"button.default\">\n\t\t\t\t<div class=\"elementor-widget-container\">\n\t\t\t\t\t\t\t<div class=\"elementor-button-wrapper\">\n\t\t\t\t\t<a class=\"elementor-button elementor-button-link elementor-size-sm\" href=\"#objednavka\">\n\t\t\t\t\t\t<span class=\"elementor-button-content-wrapper\">\n\t\t\t\t\t\t\t\t\t<span class=\"elementor-button-text\">M\u00e1m z\u00e1jem o nez\u00e1vaznou popt\u00e1vku<\/span>\n\t\t\t\t\t<\/span>\n\t\t\t\t\t<\/a>\n\t\t\t\t<\/div>\n\t\t\t\t\t\t<\/div>\n\t\t\t\t<\/div>\n\t\t\t\t<div class=\"elementor-element elementor-element-4ccc6f7 elementor-widget elementor-widget-image-carousel\" data-id=\"4ccc6f7\" data-element_type=\"widget\" data-settings=\"{&quot;slides_to_scroll&quot;:&quot;3&quot;,&quot;navigation&quot;:&quot;none&quot;,&quot;autoplay&quot;:&quot;yes&quot;,&quot;pause_on_hover&quot;:&quot;yes&quot;,&quot;pause_on_interaction&quot;:&quot;yes&quot;,&quot;autoplay_speed&quot;:5000,&quot;infinite&quot;:&quot;yes&quot;,&quot;speed&quot;:500,&quot;image_spacing_custom&quot;:{&quot;unit&quot;:&quot;px&quot;,&quot;size&quot;:20,&quot;sizes&quot;:[]},&quot;image_spacing_custom_tablet&quot;:{&quot;unit&quot;:&quot;px&quot;,&quot;size&quot;:&quot;&quot;,&quot;sizes&quot;:[]},&quot;image_spacing_custom_mobile&quot;:{&quot;unit&quot;:&quot;px&quot;,&quot;size&quot;:&quot;&quot;,&quot;sizes&quot;:[]}}\" data-widget_type=\"image-carousel.default\">\n\t\t\t\t<div class=\"elementor-widget-container\">\n\t\t\t\t\t<div class=\"elementor-image-carousel-wrapper swiper\" dir=\"ltr\">\n\t\t\t<div class=\"elementor-image-carousel swiper-wrapper\" aria-live=\"off\">\n\t\t\t\t\t\t\t\t<div class=\"swiper-slide\" role=\"group\" aria-roledescription=\"slide\" aria-label=\"1 of 7\"><figure class=\"swiper-slide-inner\"><img decoding=\"async\" class=\"swiper-slide-image\" src=\"https:\/\/fastfoodjakouben.cz\/wp-content\/uploads\/2024\/11\/WhatsApp-Image-2024-07-02-at-14.15.20-6-300x400.jpeg\" alt=\"WhatsApp Image 2024-07-02 at 14.15.20 (6)\" \/><\/figure><\/div><div class=\"swiper-slide\" role=\"group\" aria-roledescription=\"slide\" aria-label=\"2 of 7\"><figure class=\"swiper-slide-inner\"><img decoding=\"async\" class=\"swiper-slide-image\" src=\"https:\/\/fastfoodjakouben.cz\/wp-content\/uploads\/2024\/11\/WhatsApp-Image-2024-07-02-at-14.15.20-5-300x400.jpeg\" alt=\"WhatsApp Image 2024-07-02 at 14.15.20 (5)\" \/><\/figure><\/div><div class=\"swiper-slide\" role=\"group\" aria-roledescription=\"slide\" aria-label=\"3 of 7\"><figure class=\"swiper-slide-inner\"><img decoding=\"async\" class=\"swiper-slide-image\" src=\"https:\/\/fastfoodjakouben.cz\/wp-content\/uploads\/2024\/11\/WhatsApp-Image-2024-07-02-at-14.15.20-7-300x400.jpeg\" alt=\"WhatsApp Image 2024-07-02 at 14.15.20 (7)\" \/><\/figure><\/div><div class=\"swiper-slide\" role=\"group\" aria-roledescription=\"slide\" aria-label=\"4 of 7\"><figure class=\"swiper-slide-inner\"><img decoding=\"async\" class=\"swiper-slide-image\" src=\"https:\/\/fastfoodjakouben.cz\/wp-content\/uploads\/2024\/11\/WhatsApp-Image-2024-07-02-at-14.15.20-3-300x400.jpeg\" alt=\"WhatsApp Image 2024-07-02 at 14.15.20 (3)\" \/><\/figure><\/div><div class=\"swiper-slide\" role=\"group\" aria-roledescription=\"slide\" aria-label=\"5 of 7\"><figure class=\"swiper-slide-inner\"><img decoding=\"async\" class=\"swiper-slide-image\" src=\"https:\/\/fastfoodjakouben.cz\/wp-content\/uploads\/2024\/11\/WhatsApp-Image-2024-07-02-at-14.15.20-4-300x400.jpeg\" alt=\"WhatsApp Image 2024-07-02 at 14.15.20 (4)\" \/><\/figure><\/div><div class=\"swiper-slide\" role=\"group\" aria-roledescription=\"slide\" aria-label=\"6 of 7\"><figure class=\"swiper-slide-inner\"><img decoding=\"async\" class=\"swiper-slide-image\" src=\"https:\/\/fastfoodjakouben.cz\/wp-content\/uploads\/2024\/11\/WhatsApp-Image-2024-07-02-at-14.15.20-15-300x400.jpeg\" alt=\"WhatsApp Image 2024-07-02 at 14.15.20 (15)\" \/><\/figure><\/div><div class=\"swiper-slide\" role=\"group\" aria-roledescription=\"slide\" aria-label=\"7 of 7\"><figure class=\"swiper-slide-inner\"><img decoding=\"async\" class=\"swiper-slide-image\" src=\"https:\/\/fastfoodjakouben.cz\/wp-content\/uploads\/2024\/11\/WhatsApp-Image-2024-07-02-at-14.15.20-17-300x400.jpeg\" alt=\"WhatsApp Image 2024-07-02 at 14.15.20 (17)\" \/><\/figure><\/div>\t\t\t<\/div>\n\t\t\t\t\t\t\t\n\t\t\t\t\t\t\t\t\t<\/div>\n\t\t\t\t<\/div>\n\t\t\t\t<\/div>\n\t\t\t\t\t<\/div>\n\t\t<\/div>\n\t\t\t\t<div class=\"elementor-column elementor-col-50 elementor-top-column elementor-element elementor-element-3086a03\" data-id=\"3086a03\" data-element_type=\"column\" data-settings=\"{&quot;background_background&quot;:&quot;slideshow&quot;,&quot;background_slideshow_gallery&quot;:[],&quot;background_slideshow_loop&quot;:&quot;yes&quot;,&quot;background_slideshow_slide_duration&quot;:5000,&quot;background_slideshow_slide_transition&quot;:&quot;fade&quot;,&quot;background_slideshow_transition_duration&quot;:500}\">\n\t\t\t<div class=\"elementor-widget-wrap elementor-element-populated\">\n\t\t\t\t\t\t<div class=\"elementor-element elementor-element-a8500ad elementor-arrows-position-inside elementor-pagination-position-outside elementor-widget elementor-widget-image-carousel\" data-id=\"a8500ad\" data-element_type=\"widget\" data-settings=\"{&quot;slides_to_show&quot;:&quot;1&quot;,&quot;navigation&quot;:&quot;both&quot;,&quot;autoplay&quot;:&quot;yes&quot;,&quot;pause_on_hover&quot;:&quot;yes&quot;,&quot;pause_on_interaction&quot;:&quot;yes&quot;,&quot;autoplay_speed&quot;:5000,&quot;infinite&quot;:&quot;yes&quot;,&quot;effect&quot;:&quot;slide&quot;,&quot;speed&quot;:500}\" data-widget_type=\"image-carousel.default\">\n\t\t\t\t<div class=\"elementor-widget-container\">\n\t\t\t\t\t<div class=\"elementor-image-carousel-wrapper swiper\" dir=\"ltr\">\n\t\t\t<div class=\"elementor-image-carousel swiper-wrapper\" aria-live=\"off\">\n\t\t\t\t\t\t\t\t<div class=\"swiper-slide\" role=\"group\" aria-roledescription=\"slide\" aria-label=\"1 of 4\"><figure class=\"swiper-slide-inner\"><img decoding=\"async\" class=\"swiper-slide-image\" src=\"https:\/\/fastfoodjakouben.cz\/wp-content\/uploads\/2024\/11\/WhatsApp-Image-2024-07-02-at-14.15.20-18-600x800.jpeg\" alt=\"WhatsApp Image 2024-07-02 at 14.15.20 (18)\" \/><\/figure><\/div><div class=\"swiper-slide\" role=\"group\" aria-roledescription=\"slide\" aria-label=\"2 of 4\"><figure class=\"swiper-slide-inner\"><img decoding=\"async\" class=\"swiper-slide-image\" src=\"https:\/\/fastfoodjakouben.cz\/wp-content\/uploads\/2024\/11\/WhatsApp-Image-2024-07-02-at-14.15.20-16-600x800.jpeg\" alt=\"WhatsApp Image 2024-07-02 at 14.15.20 (16)\" \/><\/figure><\/div><div class=\"swiper-slide\" role=\"group\" aria-roledescription=\"slide\" aria-label=\"3 of 4\"><figure class=\"swiper-slide-inner\"><img decoding=\"async\" class=\"swiper-slide-image\" src=\"https:\/\/fastfoodjakouben.cz\/wp-content\/uploads\/2024\/11\/WhatsApp-Image-2024-07-02-at-14.15.20-2-600x698.jpeg\" alt=\"WhatsApp Image 2024-07-02 at 14.15.20 (2)\" \/><\/figure><\/div><div class=\"swiper-slide\" role=\"group\" aria-roledescription=\"slide\" aria-label=\"4 of 4\"><figure class=\"swiper-slide-inner\"><img decoding=\"async\" class=\"swiper-slide-image\" src=\"https:\/\/fastfoodjakouben.cz\/wp-content\/uploads\/2024\/11\/WhatsApp-Image-2024-07-02-at-14.15.17-600x800.jpeg\" alt=\"WhatsApp Image 2024-07-02 at 14.15.17\" \/><\/figure><\/div>\t\t\t<\/div>\n\t\t\t\t\t\t\t\t\t\t\t\t<div class=\"elementor-swiper-button elementor-swiper-button-prev\" role=\"button\" tabindex=\"0\">\n\t\t\t\t\t\t<svg aria-hidden=\"true\" class=\"e-font-icon-svg e-eicon-chevron-left\" viewBox=\"0 0 1000 1000\" xmlns=\"http:\/\/www.w3.org\/2000\/svg\"><path d=\"M646 125C629 125 613 133 604 142L308 442C296 454 292 471 292 487 292 504 296 521 308 533L604 854C617 867 629 875 646 875 663 875 679 871 692 858 704 846 713 829 713 812 713 796 708 779 692 767L438 487 692 225C700 217 708 204 708 187 708 171 704 154 692 142 675 129 663 125 646 125Z\"><\/path><\/svg>\t\t\t\t\t<\/div>\n\t\t\t\t\t<div class=\"elementor-swiper-button elementor-swiper-button-next\" role=\"button\" tabindex=\"0\">\n\t\t\t\t\t\t<svg aria-hidden=\"true\" class=\"e-font-icon-svg e-eicon-chevron-right\" viewBox=\"0 0 1000 1000\" xmlns=\"http:\/\/www.w3.org\/2000\/svg\"><path d=\"M696 533C708 521 713 504 713 487 713 471 708 454 696 446L400 146C388 133 375 125 354 125 338 125 325 129 313 142 300 154 292 171 292 187 292 204 296 221 308 233L563 492 304 771C292 783 288 800 288 817 288 833 296 850 308 863 321 871 338 875 354 875 371 875 388 867 400 854L696 533Z\"><\/path><\/svg>\t\t\t\t\t<\/div>\n\t\t\t\t\n\t\t\t\t\t\t\t\t\t<div class=\"swiper-pagination\"><\/div>\n\t\t\t\t\t\t\t\t\t<\/div>\n\t\t\t\t<\/div>\n\t\t\t\t<\/div>\n\t\t\t\t\t<\/div>\n\t\t<\/div>\n\t\t\t\t\t<\/div>\n\t\t<\/section>\n\t\t\t\t<section class=\"elementor-section elementor-top-section elementor-element elementor-element-16aae98 elementor-section-boxed elementor-section-height-default elementor-section-height-default\" data-id=\"16aae98\" data-element_type=\"section\">\n\t\t\t\t\t\t<div class=\"elementor-container elementor-column-gap-default\">\n\t\t\t\t\t<div class=\"elementor-column elementor-col-50 elementor-top-column elementor-element elementor-element-4a841fa\" data-id=\"4a841fa\" data-element_type=\"column\" data-settings=\"{&quot;background_background&quot;:&quot;slideshow&quot;,&quot;background_slideshow_gallery&quot;:[],&quot;background_slideshow_loop&quot;:&quot;yes&quot;,&quot;background_slideshow_slide_duration&quot;:5000,&quot;background_slideshow_slide_transition&quot;:&quot;fade&quot;,&quot;background_slideshow_transition_duration&quot;:500}\">\n\t\t\t<div class=\"elementor-widget-wrap elementor-element-populated\">\n\t\t\t\t\t\t<div class=\"elementor-element elementor-element-8b6f388 elementor-widget elementor-widget-image\" data-id=\"8b6f388\" data-element_type=\"widget\" data-widget_type=\"image.default\">\n\t\t\t\t<div class=\"elementor-widget-container\">\n\t\t\t\t\t\t\t\t\t\t\t\t\t<img fetchpriority=\"high\" decoding=\"async\" width=\"640\" height=\"427\" src=\"https:\/\/fastfoodjakouben.cz\/wp-content\/uploads\/2024\/11\/kafe-scaled-1-1024x683.jpg\" class=\"attachment-large size-large wp-image-7621\" alt=\"\" srcset=\"https:\/\/fastfoodjakouben.cz\/wp-content\/uploads\/2024\/11\/kafe-scaled-1-1024x683.jpg 1024w, https:\/\/fastfoodjakouben.cz\/wp-content\/uploads\/2024\/11\/kafe-scaled-1-300x200.jpg 300w, https:\/\/fastfoodjakouben.cz\/wp-content\/uploads\/2024\/11\/kafe-scaled-1-768x512.jpg 768w, https:\/\/fastfoodjakouben.cz\/wp-content\/uploads\/2024\/11\/kafe-scaled-1-1536x1025.jpg 1536w, https:\/\/fastfoodjakouben.cz\/wp-content\/uploads\/2024\/11\/kafe-scaled-1-2048x1366.jpg 2048w, https:\/\/fastfoodjakouben.cz\/wp-content\/uploads\/2024\/11\/kafe-scaled-1-600x400.jpg 600w\" sizes=\"(max-width: 640px) 100vw, 640px\" \/>\t\t\t\t\t\t\t\t\t\t\t\t\t<\/div>\n\t\t\t\t<\/div>\n\t\t\t\t\t<\/div>\n\t\t<\/div>\n\t\t\t\t<div class=\"elementor-column elementor-col-50 elementor-top-column elementor-element elementor-element-2e5e4a4\" data-id=\"2e5e4a4\" data-element_type=\"column\">\n\t\t\t<div class=\"elementor-widget-wrap elementor-element-populated\">\n\t\t\t\t\t\t<div class=\"elementor-element elementor-element-c8275cc elementor-widget elementor-widget-heading\" data-id=\"c8275cc\" data-element_type=\"widget\" data-widget_type=\"heading.default\">\n\t\t\t\t<div class=\"elementor-widget-container\">\n\t\t\t<p class=\"elementor-heading-title elementor-size-default\">V\u016fn\u011b st\u0159edomo\u0159sk\u00e9 kultury<\/p>\t\t<\/div>\n\t\t\t\t<\/div>\n\t\t\t\t<div class=\"elementor-element elementor-element-3ed365b elementor-widget elementor-widget-text-editor\" data-id=\"3ed365b\" data-element_type=\"widget\" data-widget_type=\"text-editor.default\">\n\t\t\t\t<div class=\"elementor-widget-container\">\n\t\t\t\t\t\t\t<p>Caf\u00e9 Kabylia je k\u00e1va, symbolizuj\u00edc\u00ed vzpom\u00ednku na domovinu, chut\u011b a v\u016fn\u011b st\u0159edomo\u0159sk\u00e9 kultury. Vyzna\u010duj\u00edc\u00ed se kvalitou a \u010derstvost\u00ed. To je odkaz, kter\u00fd jsme spole\u010dn\u011b s rodinou pra\u017e\u00edrnou Mia coffee, cht\u011bli p\u0159en\u00e9st V\u00e1m na\u0161im z\u00e1kazn\u00edk\u016fm do k\u00e1vov\u00fdch \u0161\u00e1lk\u016f. Nab\u00edz\u00edme klasick\u00e9 italsk\u00e9 k\u00e1vov\u00e9 n\u00e1poje jako espresso, cappuccino, caff\u00e9 latte, ale tak\u00e9 popul\u00e1rn\u00ed flat white a jin\u00e9.<\/p><p>V nab\u00eddce m\u00e1me i bezkofeinovou k\u00e1vu a rostlinn\u00e9 ml\u00e9ko.<\/p>\t\t\t\t\t\t<\/div>\n\t\t\t\t<\/div>\n\t\t\t\t\t<\/div>\n\t\t<\/div>\n\t\t\t\t\t<\/div>\n\t\t<\/section>\n\t\t\t\t<section class=\"elementor-section elementor-top-section elementor-element elementor-element-ef0bd34 elementor-section-boxed elementor-section-height-default elementor-section-height-default\" data-id=\"ef0bd34\" data-element_type=\"section\">\n\t\t\t\t\t\t<div class=\"elementor-container elementor-column-gap-default\">\n\t\t\t\t\t<div class=\"elementor-column elementor-col-50 elementor-top-column elementor-element elementor-element-5e32119\" data-id=\"5e32119\" data-element_type=\"column\">\n\t\t\t<div class=\"elementor-widget-wrap elementor-element-populated\">\n\t\t\t\t\t\t<div class=\"elementor-element elementor-element-983cd64 elementor-widget elementor-widget-heading\" data-id=\"983cd64\" data-element_type=\"widget\" data-widget_type=\"heading.default\">\n\t\t\t\t<div class=\"elementor-widget-container\">\n\t\t\t<p class=\"elementor-heading-title elementor-size-default\">Zmrzlina - italsk\u00e1 receptura<\/p>\t\t<\/div>\n\t\t\t\t<\/div>\n\t\t\t\t<div class=\"elementor-element elementor-element-f8ce712 elementor-widget elementor-widget-text-editor\" data-id=\"f8ce712\" data-element_type=\"widget\" id=\"objednavka\" data-widget_type=\"text-editor.default\">\n\t\t\t\t<div class=\"elementor-widget-container\">\n\t\t\t\t\t\t\t<p>Na\u0161e zmrzlina je vyr\u00e1b\u011bna podle autentick\u00fdch italsk\u00fdch recept\u016f, kter\u00e9 jsme objevili b\u011bhem na\u0161ich cest po It\u00e1lii.<\/p><p>Db\u00e1me na v\u00fdb\u011br t\u011bch nejkvalitn\u011bj\u0161\u00edch surovin a vyh\u00fdb\u00e1me se pou\u017e\u00edv\u00e1n\u00ed polotovar\u016f. K v\u00fdrob\u011b vyu\u017e\u00edv\u00e1me \u010derstv\u00e9 sez\u00f3nn\u00ed ovoce, kter\u00e9 z\u00edsk\u00e1v\u00e1me p\u0159ev\u00e1\u017en\u011b od mal\u00fdch lok\u00e1ln\u00edch farm\u00e1\u0159\u016f. Ti, stejn\u011b jako my, v\u011bnuj\u00ed sv\u00e9mu \u0159emeslu maxim\u00e1ln\u00ed p\u00e9\u010di a pozornost.<\/p>\t\t\t\t\t\t<\/div>\n\t\t\t\t<\/div>\n\t\t\t\t\t<\/div>\n\t\t<\/div>\n\t\t\t\t<div class=\"elementor-column elementor-col-50 elementor-top-column elementor-element elementor-element-485284d\" data-id=\"485284d\" data-element_type=\"column\" data-settings=\"{&quot;background_background&quot;:&quot;slideshow&quot;,&quot;background_slideshow_gallery&quot;:[],&quot;background_slideshow_loop&quot;:&quot;yes&quot;,&quot;background_slideshow_slide_duration&quot;:5000,&quot;background_slideshow_slide_transition&quot;:&quot;fade&quot;,&quot;background_slideshow_transition_duration&quot;:500}\">\n\t\t\t<div class=\"elementor-widget-wrap elementor-element-populated\">\n\t\t\t\t\t\t<div class=\"elementor-element elementor-element-1744ed4 elementor-widget elementor-widget-image-carousel\" data-id=\"1744ed4\" data-element_type=\"widget\" data-settings=\"{&quot;slides_to_show&quot;:&quot;1&quot;,&quot;navigation&quot;:&quot;none&quot;,&quot;autoplay&quot;:&quot;yes&quot;,&quot;pause_on_hover&quot;:&quot;yes&quot;,&quot;pause_on_interaction&quot;:&quot;yes&quot;,&quot;autoplay_speed&quot;:5000,&quot;infinite&quot;:&quot;yes&quot;,&quot;effect&quot;:&quot;slide&quot;,&quot;speed&quot;:500}\" data-widget_type=\"image-carousel.default\">\n\t\t\t\t<div class=\"elementor-widget-container\">\n\t\t\t\t\t<div class=\"elementor-image-carousel-wrapper swiper\" dir=\"ltr\">\n\t\t\t<div class=\"elementor-image-carousel swiper-wrapper\" aria-live=\"off\">\n\t\t\t\t\t\t\t\t<div class=\"swiper-slide\" role=\"group\" aria-roledescription=\"slide\" aria-label=\"1 of 5\"><figure class=\"swiper-slide-inner\"><img decoding=\"async\" class=\"swiper-slide-image\" src=\"https:\/\/fastfoodjakouben.cz\/wp-content\/uploads\/2024\/11\/WhatsApp-Image-2024-07-02-at-14.15.20-19-410x500.jpeg\" alt=\"WhatsApp Image 2024-07-02 at 14.15.20 (19)\" \/><\/figure><\/div><div class=\"swiper-slide\" role=\"group\" aria-roledescription=\"slide\" aria-label=\"2 of 5\"><figure class=\"swiper-slide-inner\"><img decoding=\"async\" class=\"swiper-slide-image\" src=\"https:\/\/fastfoodjakouben.cz\/wp-content\/uploads\/2024\/11\/WhatsApp-Image-2024-07-02-at-14.15.20-14-410x500.jpeg\" alt=\"WhatsApp Image 2024-07-02 at 14.15.20 (14)\" \/><\/figure><\/div><div class=\"swiper-slide\" role=\"group\" aria-roledescription=\"slide\" aria-label=\"3 of 5\"><figure class=\"swiper-slide-inner\"><img decoding=\"async\" class=\"swiper-slide-image\" src=\"https:\/\/fastfoodjakouben.cz\/wp-content\/uploads\/2024\/11\/WhatsApp-Image-2024-07-02-at-14.15.20-410x500.jpeg\" alt=\"WhatsApp Image 2024-07-02 at 14.15.20\" \/><\/figure><\/div><div class=\"swiper-slide\" role=\"group\" aria-roledescription=\"slide\" aria-label=\"4 of 5\"><figure class=\"swiper-slide-inner\"><img decoding=\"async\" class=\"swiper-slide-image\" src=\"https:\/\/fastfoodjakouben.cz\/wp-content\/uploads\/2024\/11\/WhatsApp-Image-2024-07-02-at-14.15.20-1-410x500.jpeg\" alt=\"WhatsApp Image 2024-07-02 at 14.15.20\" \/><\/figure><\/div><div class=\"swiper-slide\" role=\"group\" aria-roledescription=\"slide\" aria-label=\"5 of 5\"><figure class=\"swiper-slide-inner\"><img decoding=\"async\" class=\"swiper-slide-image\" src=\"https:\/\/fastfoodjakouben.cz\/wp-content\/uploads\/2024\/11\/WhatsApp-Image-2024-07-02-at-14.15.20-8-410x500.jpeg\" alt=\"WhatsApp Image 2024-07-02 at 14.15.20\" \/><\/figure><\/div>\t\t\t<\/div>\n\t\t\t\t\t\t\t\n\t\t\t\t\t\t\t\t\t<\/div>\n\t\t\t\t<\/div>\n\t\t\t\t<\/div>\n\t\t\t\t\t<\/div>\n\t\t<\/div>\n\t\t\t\t\t<\/div>\n\t\t<\/section>\n\t\t\t\t<section class=\"elementor-section elementor-top-section elementor-element elementor-element-edd7d00 elementor-section-boxed elementor-section-height-default elementor-section-height-default\" data-id=\"edd7d00\" data-element_type=\"section\">\n\t\t\t\t\t\t<div class=\"elementor-container elementor-column-gap-default\">\n\t\t\t\t\t<div class=\"elementor-column elementor-col-100 elementor-top-column elementor-element elementor-element-51c1c22\" data-id=\"51c1c22\" data-element_type=\"column\">\n\t\t\t<div class=\"elementor-widget-wrap elementor-element-populated\">\n\t\t\t\t\t\t<div class=\"elementor-element elementor-element-d22c098 elementor-widget elementor-widget-heading\" data-id=\"d22c098\" data-element_type=\"widget\" data-widget_type=\"heading.default\">\n\t\t\t\t<div class=\"elementor-widget-container\">\n\t\t\t<p class=\"elementor-heading-title elementor-size-default\">Sladk\u00e1 chv\u00edle na dosah<\/p>\t\t<\/div>\n\t\t\t\t<\/div>\n\t\t\t\t<div class=\"elementor-element elementor-element-6eaee3c elementor-widget elementor-widget-text-editor\" data-id=\"6eaee3c\" data-element_type=\"widget\" data-widget_type=\"text-editor.default\">\n\t\t\t\t<div class=\"elementor-widget-container\">\n\t\t\t\t\t\t\t<p>M\u00e1te chu\u0165 na na\u0161e sladk\u00e9 nebo pe\u010divo, ale je\u0161t\u011b nejste zcela rozhodnut\u00ed? R\u00e1di v\u00e1m pom\u016f\u017eeme s v\u00fdb\u011brem! Pro nez\u00e1vaznou objedn\u00e1vku nebo bli\u017e\u0161\u00ed informace n\u00e1s nev\u00e1hejte kontaktovat na telefonn\u00edm \u010d\u00edsle:<\/p><p>+420 774 045 352 (PIZZA KABYLIA KR\u00c1L\u016eV DV\u016eR)<\/p><p>+420 608 201 381 (PIZZA KABYLIA \u017dEBR\u00c1K)<\/p><p>Na\u0161i pracovn\u00edci v\u00e1m r\u00e1di porad\u00ed a zodpov\u00ed v\u0161echny va\u0161e dotazy. Jsme tu pro v\u00e1s, a\u0165 u\u017e m\u00e1te z\u00e1jem o z\u00e1kusky, dorty na oslavu nebo \u010derstv\u00e9 pe\u010divo pro va\u0161i rodinu.<\/p>\t\t\t\t\t\t<\/div>\n\t\t\t\t<\/div>\n\t\t\t\t\t<\/div>\n\t\t<\/div>\n\t\t\t\t\t<\/div>\n\t\t<\/section>\n\t\t\t\t<\/div>\n\t\t","protected":false},"excerpt":{"rendered":"<p>V na\u0161\u00ed cukr\u00e1rn\u011b najdete dezerty v\u00fdhradn\u011b vlastn\u00ed v\u00fdroby. V na\u0161\u00ed nab\u00eddce najdete v\u00fdborn\u00e9 dorty vlastn\u00ed v\u00fdroby, v\u010detn\u011b cheesecaku, ovocn\u00fdch, \u0161leha\u010dkov\u00fdch a \u010dokol\u00e1dov\u00fdch dort\u016f. Na\u0161e dorty jsou pe\u010den\u00e9 denn\u011b \u010derstv\u00e9, abychom v\u00e1m zajistili maxim\u00e1ln\u00ed kvalitu a chu\u0165. M\u016f\u017eete si je tak\u00e9 objednat pro speci\u00e1ln\u00ed p\u0159\u00edle\u017eitosti. M\u00e1m z\u00e1jem o nez\u00e1vaznou popt\u00e1vku V\u016fn\u011b st\u0159edomo\u0159sk\u00e9 kultury Caf\u00e9 Kabylia je&#8230;<\/p>\n","protected":false},"author":2,"featured_media":0,"parent":0,"menu_order":0,"comment_status":"closed","ping_status":"closed","template":"","meta":{"footnotes":""},"class_list":["post-7618","page","type-page","status-publish","hentry"],"_links":{"self":[{"href":"https:\/\/fastfoodjakouben.cz\/index.php\/wp-json\/wp\/v2\/pages\/7618","targetHints":{"allow":["GET"]}}],"collection":[{"href":"https:\/\/fastfoodjakouben.cz\/index.php\/wp-json\/wp\/v2\/pages"}],"about":[{"href":"https:\/\/fastfoodjakouben.cz\/index.php\/wp-json\/wp\/v2\/types\/page"}],"author":[{"embeddable":true,"href":"https:\/\/fastfoodjakouben.cz\/index.php\/wp-json\/wp\/v2\/users\/2"}],"replies":[{"embeddable":true,"href":"https:\/\/fastfoodjakouben.cz\/index.php\/wp-json\/wp\/v2\/comments?post=7618"}],"version-history":[{"count":23,"href":"https:\/\/fastfoodjakouben.cz\/index.php\/wp-json\/wp\/v2\/pages\/7618\/revisions"}],"predecessor-version":[{"id":7784,"href":"https:\/\/fastfoodjakouben.cz\/index.php\/wp-json\/wp\/v2\/pages\/7618\/revisions\/7784"}],"wp:attachment":[{"href":"https:\/\/fastfoodjakouben.cz\/index.php\/wp-json\/wp\/v2\/media?parent=7618"}],"curies":[{"name":"wp","href":"https:\/\/api.w.org\/{rel}","templated":true}]}}